{"id":9597,"date":"2024-02-19T16:37:11","date_gmt":"2024-02-19T15:37:11","guid":{"rendered":"https:\/\/work.sedecal.com\/?page_id=9597"},"modified":"2024-02-19T16:51:35","modified_gmt":"2024-02-19T15:51:35","slug":"privacy-policy","status":"publish","type":"page","link":"https:\/\/work.sedecal.com\/es\/privacy-policy\/","title":{"rendered":"Pol\u00edtica de privacidad"},"content":{"rendered":"<div data-elementor-type=\"wp-page\" data-elementor-id=\"9597\" class=\"elementor elementor-9597\" data-elementor-post-type=\"page\">\n\t\t\t\t<div class=\"elementor-element elementor-element-75d25b8 e-flex e-con-boxed e-con e-parent\" data-id=\"75d25b8\" data-element_type=\"container\" data-e-type=\"container\">\n\t\t\t\t\t<div class=\"e-con-inner\">\n\t\t\t\t<div class=\"elementor-element elementor-element-1d78cfc elementor-widget elementor-widget-text-editor\" data-id=\"1d78cfc\" data-element_type=\"widget\" data-e-type=\"widget\" id=\"privacy-policy-text\" data-widget_type=\"text-editor.default\">\n\t\t\t\t<div class=\"elementor-widget-container\">\n\t\t\t\t\t\t\t\t\t<p>\u00a0<\/p><h1>Pol\u00edtica de privacidad<\/h1><p>El Reglamento General de Protecci\u00f3n de Datos (Reglamento (UE) 2016\/679) armoniza la legislaci\u00f3n sobre protecci\u00f3n de datos en toda la Uni\u00f3n Europea, aumentando la protecci\u00f3n de las personas y d\u00e1ndoles un mayor control sobre sus datos personales.<\/p><p>En Sociedad Espa\u00f1ola de Electromedicina y Calidad, S.A, siempre nos hemos preocupado por la protecci\u00f3n de los datos de car\u00e1cter personal. Por ello, hemos actualizado nuestra Pol\u00edtica de Privacidad para cumplir con la nueva normativa e informarle de los cambios que afectan a sus derechos:<\/p><h2>\u00bfQui\u00e9n es responsable del tratamiento de sus datos personales?<\/h2><p>Sociedad Espa\u00f1ola de Electromedicina y Calidad, S.A (en adelante SEDECAL) con CIF: A80766496 y Direcci\u00f3n: C\/ Pelaya, 9 - 13. 28110 Algete - MADRID<\/p><p>El Delegado de Protecci\u00f3n de Datos (DPO) del Grupo SEDECAL es la persona responsable de atender cualquier consulta que pueda tener sobre la protecci\u00f3n de sus datos personales y de velar por el cumplimiento de la legislaci\u00f3n en materia de protecci\u00f3n de datos. Puede ponerse en contacto con \u00e9l en la siguiente direcci\u00f3n de correo electr\u00f3nico: <a href=\"mailto:dpo@sedecal.com\">dpo@sedecal.com<\/a><\/p><h2>\u00bfCon qu\u00e9 fin procesamos sus datos personales?<\/h2><p>Los datos que SEDECAL recoge a trav\u00e9s de diversos canales (p\u00e1gina web, correo electr\u00f3nico, formularios electr\u00f3nicos, o formularios y documentos en papel) dentro de su actividad son tratados con las siguientes finalidades:<\/p><ul><li>Mantenimiento de la relaci\u00f3n comercial y contractual de nuestros clientes y proveedores con las empresas del Grupo SEDECAL.<\/li><li>Env\u00edo de informaci\u00f3n sobre nuevos productos y servicios de las empresas del Grupo SEDECAL.<\/li><li>Env\u00edo de comunicaciones comerciales, boletines y newsletters, con informaci\u00f3n sobre las empresas del Grupo SEDECAL: (Sociedad Espa\u00f1ola De Electromedicina y Calidad S.A.; Radiolog\u00eda S.A y Sedecal Molecular Imaging S.L.).<\/li><li>Realizaci\u00f3n de encuestas de satisfacci\u00f3n del cliente.<\/li><li>Llevar a cabo procesos de selecci\u00f3n de personal para un puesto de trabajo.<\/li><li>Control de acceso a las instalaciones.<\/li><\/ul><h2>\u00bfCu\u00e1nto tiempo conservamos sus datos?<\/h2><p>En el caso de proveedores, clientes, colaboradores y personal, conservamos sus datos mientras dure la relaci\u00f3n contractual con nosotros y, posteriormente, durante el periodo establecido por la legislaci\u00f3n vigente aplicable.<\/p><p>En cuanto a los procesos de selecci\u00f3n de personal, los datos se conservar\u00e1n mientras dure el proceso y, si el curr\u00edculum es de inter\u00e9s, se conservar\u00e1n durante un periodo no superior a un a\u00f1o, transcurrido el cual se eliminar\u00e1n o destruir\u00e1n.<\/p><p>En cuanto a las acciones encaminadas a la prospecci\u00f3n comercial, los datos se conservar\u00e1n hasta que el interesado se oponga al tratamiento o retire su consentimiento.<\/p><h2>\u00bfPor qu\u00e9 utilizamos sus datos personales?<\/h2><p>Sus datos personales son procesados por SEDECAL sobre las siguientes bases legales:<\/p><ul><li>Su consentimiento o han sido facilitados voluntariamente por usted a trav\u00e9s de cualquier medio. En este sentido, la inclusi\u00f3n de datos de car\u00e1cter personal en los ficheros es absolutamente voluntaria y su recogida est\u00e1 debidamente anunciada.<\/li><li>El mantenimiento, desarrollo y ejecuci\u00f3n de una relaci\u00f3n contractual que mantengamos con usted, en el caso de: (i) prestaci\u00f3n de servicios; (ii) relaci\u00f3n laboral, comercial, administrativa, entre otras.<\/li><li>Por intereses leg\u00edtimos, respetando siempre su derecho a la protecci\u00f3n de datos personales, honor, e intimidad, para el desarrollo y difusi\u00f3n de nuestros productos y servicios, analizar la calidad del servicio ofrecido y el nivel de satisfacci\u00f3n de los usuarios, as\u00ed como para la realizaci\u00f3n de estudios y an\u00e1lisis estad\u00edsticos.<\/li><\/ul><h2>\u00bfA qui\u00e9n comunicaremos sus datos?<\/h2><p>Sus datos ser\u00e1n conservados bajo estrictas medidas de seguridad para garantizar su confidencialidad y seguridad. Asimismo, s\u00f3lo ser\u00e1n comunicados a las entidades y para los fines siguientes:<\/p><ul><li>Sociedades del GRUPO SEDECAL en Espa\u00f1a (SOCIEDAD ESPA\u00d1OLA DE ELECTROMEDICINA Y CALIDAD, S.A, RADIOLOGIA S.A. y SEDECAL MOLECULAR IMAGING, S.L) para el cumplimiento de los fines arriba indicados.<\/li><li>Entidades y proveedores que prestan servicios a SEDECAL para la correcta ejecuci\u00f3n de nuestras actividades. Estas entidades y proveedores est\u00e1n debidamente acreditados y firman con nosotros el correspondiente contrato de tratamiento de datos conforme a la normativa vigente en materia de protecci\u00f3n de datos.<\/li><li>Organismos y autoridades p\u00fablicas y Juzgados y Tribunales cuando exista una obligaci\u00f3n legal de facilitar los datos.<\/li><\/ul><h2>\u00bfQu\u00e9 canales utilizamos para obtener sus datos?<\/h2><p>SEDECAL obtiene datos personales a trav\u00e9s de los siguientes canales:<\/p><ul><li>Email<\/li><li>Formularios\/cuestionarios (en formato web, electr\u00f3nico o en papel)<\/li><li>Intercambio de tarjetas de visita.<\/li><li>Contratos de servicios.<\/li><li>Ferias y eventos relacionados con su sector empresarial<\/li><\/ul><h2>\u00bfQu\u00e9 categor\u00edas de datos procesamos?<\/h2><p>Dependiendo de su relaci\u00f3n con nosotros, podemos procesar los siguientes datos:<\/p><ul><li>Datos de identificaci\u00f3n, incluida la imagen<\/li><li>Datos de empleo.<\/li><li>Datos acad\u00e9micos y profesionales<\/li><li>Direcciones de correo electr\u00f3nico<\/li><li>Informaci\u00f3n comercial<\/li><li>Datos econ\u00f3micos y financieros.<\/li><li>Datos especialmente protegidos (en relaci\u00f3n con la prestaci\u00f3n de servicios de mantenimiento de equipos de electromedicina).<\/li><\/ul><h2>\u00bfQu\u00e9 medidas de seguridad aplicamos a los datos personales?<\/h2><p>Aplicamos las medidas de seguridad necesarias para evitar el robo, la alteraci\u00f3n o el acceso no autorizado a los datos, teniendo en cuenta el estado de la t\u00e9cnica, los costes de aplicaci\u00f3n y la naturaleza, el alcance, el contexto y los fines del tratamiento, as\u00ed como los riesgos variables de probabilidad y gravedad para los derechos y libertades de las personas.<\/p><p>En caso de subcontrataci\u00f3n de servicios, exigimos y garantizamos que el encargado del tratamiento aplique las medidas t\u00e9cnicas y organizativas apropiadas para garantizar un nivel de seguridad adecuado a los riesgos existentes, tal y como establece el art\u00edculo 32 del Reglamento General de Protecci\u00f3n de Datos.<\/p><p>Tambi\u00e9n llevamos a cabo evaluaciones de impacto sobre aquellas operaciones de tratamiento que consideramos que pueden suponer un riesgo para los derechos y libertades de las personas, con el fin de aplicar las medidas necesarias y adecuadas para evitar una violaci\u00f3n de la confidencialidad.<\/p><h2>\u00bfCu\u00e1les son sus derechos?<\/h2><p>Toda persona tiene derecho a saber si SEDECAL lleva a cabo un tratamiento de sus datos personales. Tambi\u00e9n tienen derecho a:<\/p><ul><li>Acceder a sus datos personales,<\/li><li>Solicitar la rectificaci\u00f3n de datos inexactos.<\/li><li>Solicitar la supresi\u00f3n cuando, entre otros motivos, los datos ya no sean necesarios para los fines para los que fueron recogidos,<\/li><li>Oponerse al tratamiento de sus datos, por motivos relacionados con su situaci\u00f3n particular, solicitando que no sean tratados por SEDECAL.<\/li><li>En determinadas circunstancias, solicitar la limitaci\u00f3n del tratamiento de sus datos, en cuyo caso s\u00f3lo los conservaremos para el ejercicio o la defensa de reclamaciones.<\/li><li>Retirar el consentimiento dado, sin que ello afecte a la licitud del tratamiento efectuado antes de dicha retirada.<\/li><\/ul><p>Cuando usted ejerza sus derechos de supresi\u00f3n, oposici\u00f3n, limitaci\u00f3n o retire su consentimiento, SEDECAL dejar\u00e1 de tratar sus datos, salvo por motivos leg\u00edtimos imperiosos, o el ejercicio o la defensa de posibles reclamaciones.<\/p><p>Todos estos derechos pueden ser ejercitados poni\u00e9ndose en contacto con nosotros en las siguientes direcciones: SEDECAL., ATT DELEGADO DE PROTECCION DE DATOS, en C\/ Pelaya 9 -13, P.I. R\u00edo de Janeiro, 28110 - Algete (Madrid), o enviando un correo electr\u00f3nico a: <a href=\"mailto:dpo@sedecal.com\">dpo@sedecal.com<\/a><\/p><p>Recuerde que, siempre que ejerza alguno de los derechos que le hemos explicado, debe acompa\u00f1ar su solicitud de una copia de su DNI o documento equivalente que nos permita verificar su identidad.<\/p><p>Asimismo, si no est\u00e1 satisfecho con la forma en que hemos gestionado sus derechos, puede presentar una reclamaci\u00f3n ante la Agencia Espa\u00f1ola de Protecci\u00f3n de Datos, a trav\u00e9s de la p\u00e1gina web <a href=\"https:\/\/www.aepd.es\">www.aepd.es<\/a>.<\/p><h2>\u00bfQu\u00e9 puede hacer si no desea recibir comunicaciones comerciales?<\/h2><p>De acuerdo con la LSSI, puede darse de baja de cualquiera de los servicios de suscripci\u00f3n, as\u00ed como manifestar su oposici\u00f3n a recibir informaci\u00f3n publicitaria, enviando la palabra BAJA a las siguientes direcciones: SEDECAL, sociedad con domicilio social en C\/ Pelaya 9 -13, P.I. R\u00edo de Janeiro, 28110 - Algete (Madrid), o enviando un correo electr\u00f3nico a: <a href=\"mailto:dpo@sedecal.com\">dpo@sedecal.com<\/a><\/p>\t\t\t\t\t\t\t\t<\/div>\n\t\t\t\t<\/div>\n\t\t\t\t\t<\/div>\n\t\t\t\t<\/div>\n\t\t\t\t<\/div>","protected":false},"excerpt":{"rendered":"<p>\u00a0 Privacy Policy The General Data Protection Regulation (Regulation (EU) 2016\/679) harmonizes data protection legislation throughout the European Union, increasing the protection of individuals and giving them greater control over their personal data. At Sociedad Espa\u00f1ola de Electromedicina y Calidad, S.A, we have always been concerned about the protection of personal data. Therefore, we have [&hellip;]<\/p>","protected":false},"author":1,"featured_media":0,"parent":0,"menu_order":0,"comment_status":"closed","ping_status":"closed","template":"","meta":{"site-sidebar-layout":"no-sidebar","site-content-layout":"page-builder","ast-site-content-layout":"full-width-container","site-content-style":"default","site-sidebar-style":"default","ast-global-header-display":"","ast-banner-title-visibility":"","ast-main-header-display":"","ast-hfb-above-header-display":"","ast-hfb-below-header-display":"","ast-hfb-mobile-header-display":"","site-post-title":"disabled","ast-breadcrumbs-content":"","ast-featured-img":"disabled","footer-sml-layout":"","ast-disable-related-posts":"","theme-transparent-header-meta":"","adv-header-id-meta":"","stick-header-meta":"","header-above-stick-meta":"","header-main-stick-meta":"","header-below-stick-meta":"","astra-migrate-meta-layouts":"set","ast-page-background-enabled":"default","ast-page-background-meta":{"desktop":{"background-color":"var(--ast-global-color-4)","background-image":"","background-repeat":"repeat","background-position":"center center","background-size":"auto","background-attachment":"scroll","background-type":"","background-media":"","overlay-type":"","overlay-color":"","overlay-opacity":"","overlay-gradient":""},"tablet":{"background-color":"","background-image":"","background-repeat":"repeat","background-position":"center center","background-size":"auto","background-attachment":"scroll","background-type":"","background-media":"","overlay-type":"","overlay-color":"","overlay-opacity":"","overlay-gradient":""},"mobile":{"background-color":"","background-image":"","background-repeat":"repeat","background-position":"center center","background-size":"auto","background-attachment":"scroll","background-type":"","background-media":"","overlay-type":"","overlay-color":"","overlay-opacity":"","overlay-gradient":""}},"ast-content-background-meta":{"desktop":{"background-color":"var(--ast-global-color-5)","background-image":"","background-repeat":"repeat","background-position":"center center","background-size":"auto","background-attachment":"scroll","background-type":"","background-media":"","overlay-type":"","overlay-color":"","overlay-opacity":"","overlay-gradient":""},"tablet":{"background-color":"var(--ast-global-color-5)","background-image":"","background-repeat":"repeat","background-position":"center center","background-size":"auto","background-attachment":"scroll","background-type":"","background-media":"","overlay-type":"","overlay-color":"","overlay-opacity":"","overlay-gradient":""},"mobile":{"background-color":"var(--ast-global-color-5)","background-image":"","background-repeat":"repeat","background-position":"center center","background-size":"auto","background-attachment":"scroll","background-type":"","background-media":"","overlay-type":"","overlay-color":"","overlay-opacity":"","overlay-gradient":""}},"footnotes":""},"class_list":["post-9597","page","type-page","status-publish","hentry"],"aioseo_notices":[],"_links":{"self":[{"href":"https:\/\/work.sedecal.com\/es\/wp-json\/wp\/v2\/pages\/9597","targetHints":{"allow":["GET"]}}],"collection":[{"href":"https:\/\/work.sedecal.com\/es\/wp-json\/wp\/v2\/pages"}],"about":[{"href":"https:\/\/work.sedecal.com\/es\/wp-json\/wp\/v2\/types\/page"}],"author":[{"embeddable":true,"href":"https:\/\/work.sedecal.com\/es\/wp-json\/wp\/v2\/users\/1"}],"replies":[{"embeddable":true,"href":"https:\/\/work.sedecal.com\/es\/wp-json\/wp\/v2\/comments?post=9597"}],"version-history":[{"count":7,"href":"https:\/\/work.sedecal.com\/es\/wp-json\/wp\/v2\/pages\/9597\/revisions"}],"predecessor-version":[{"id":9607,"href":"https:\/\/work.sedecal.com\/es\/wp-json\/wp\/v2\/pages\/9597\/revisions\/9607"}],"wp:attachment":[{"href":"https:\/\/work.sedecal.com\/es\/wp-json\/wp\/v2\/media?parent=9597"}],"curies":[{"name":"wp","href":"https:\/\/api.w.org\/{rel}","templated":true}]}}